{"id":1566,"date":"2020-04-12T09:02:59","date_gmt":"2020-04-12T09:02:59","guid":{"rendered":"https:\/\/www.els-m.com\/work\/?page_id=1566"},"modified":"2020-09-14T13:00:57","modified_gmt":"2020-09-14T13:00:57","slug":"o-piskotkih","status":"publish","type":"page","link":"https:\/\/www.els-m.com\/en\/o-piskotkih\/","title":{"rendered":"About Cookies"},"content":{"rendered":"<div data-elementor-type=\"wp-page\" data-elementor-id=\"1566\" class=\"elementor elementor-1566\">\n\t\t\t\t\t\t<section class=\"elementor-section elementor-top-section elementor-element elementor-element-38b042d elementor-section-boxed elementor-section-height-default elementor-section-height-default\" data-id=\"38b042d\" data-element_type=\"section\">\n\t\t\t\t\t\t<div class=\"elementor-container elementor-column-gap-default\">\n\t\t\t\t\t<div class=\"elementor-column elementor-col-100 elementor-top-column elementor-element elementor-element-6115409\" data-id=\"6115409\" data-element_type=\"column\">\n\t\t\t<div class=\"elementor-widget-wrap elementor-element-populated\">\n\t\t\t\t\t\t<div class=\"elementor-element elementor-element-1e26948 elementor-widget elementor-widget-spacer\" data-id=\"1e26948\" data-element_type=\"widget\" data-widget_type=\"spacer.default\">\n\t\t\t\t<div class=\"elementor-widget-container\">\n\t\t\t\t\t<div class=\"elementor-spacer\">\n\t\t\t<div class=\"elementor-spacer-inner\"><\/div>\n\t\t<\/div>\n\t\t\t\t<\/div>\n\t\t\t\t<\/div>\n\t\t\t\t<div class=\"elementor-element elementor-element-4dc0246 elementor-widget elementor-widget-heading\" data-id=\"4dc0246\" data-element_type=\"widget\" data-widget_type=\"heading.default\">\n\t\t\t\t<div class=\"elementor-widget-container\">\n\t\t\t<h2 class=\"elementor-heading-title elementor-size-default\">About Cookies<\/h2>\t\t<\/div>\n\t\t\t\t<\/div>\n\t\t\t\t<div class=\"elementor-element elementor-element-3fad6ad elementor-widget elementor-widget-spacer\" data-id=\"3fad6ad\" data-element_type=\"widget\" data-widget_type=\"spacer.default\">\n\t\t\t\t<div class=\"elementor-widget-container\">\n\t\t\t\t\t<div class=\"elementor-spacer\">\n\t\t\t<div class=\"elementor-spacer-inner\"><\/div>\n\t\t<\/div>\n\t\t\t\t<\/div>\n\t\t\t\t<\/div>\n\t\t\t\t\t<\/div>\n\t\t<\/div>\n\t\t\t\t\t<\/div>\n\t\t<\/section>\n\t\t\t\t<section class=\"elementor-section elementor-top-section elementor-element elementor-element-7516176e elementor-section-boxed elementor-section-height-default elementor-section-height-default\" data-id=\"7516176e\" data-element_type=\"section\">\n\t\t\t\t\t\t<div class=\"elementor-container elementor-column-gap-default\">\n\t\t\t\t\t<div class=\"elementor-column elementor-col-100 elementor-top-column elementor-element elementor-element-20f2f027\" data-id=\"20f2f027\" data-element_type=\"column\">\n\t\t\t<div class=\"elementor-widget-wrap elementor-element-populated\">\n\t\t\t\t\t\t<div class=\"elementor-element elementor-element-33999670 elementor-widget elementor-widget-text-editor\" data-id=\"33999670\" data-element_type=\"widget\" data-widget_type=\"text-editor.default\">\n\t\t\t\t<div class=\"elementor-widget-container\">\n\t\t\t\t\t\t\t<div class=\"cli_pg_page_contaner\"><h3>What are cookies?<\/h3><div><p>Cookies are small text files that most sites store on devices that users access on the Internet to identify the individual devices that users have used to access them. Their storage is under the complete control of the browser used by the user - this may be limited or disabled by the cookie store.<\/p><p>Cookies are key to providing user friendly web services. The interaction between the web user and the website is faster and easier with the help of cookies. Using them, the website remembers one's individual choices and experiences, saving time and making browsing sites more efficient and user-friendly.<\/p><p>More detailed information on cookies is available in the manual found on the Information Commissioner's website.<\/p><\/div><h3>Cookies on els-m.com<\/h3><div><p>We use the following cookies at www.els-m.com:<\/p><ul><li>Cookies for better website performance<br \/>These cookies include cookies that allow the user to personalize websites, sign up for employment and contact a form.<\/li><li>Cookies for anonymized visit statistics\u00a0<br \/>With these cookies, we can track visitor statistics and optimize our sites according to visitor needs.<\/li><\/ul><p>Website does not use t. i. \"Invasive\" cookies, ie. cookies that would be used to collect (and provide) detailed user information, advertising, marketing, or other purposes that would interfere with user privacy.<\/p><\/div><h3>Disabling cookies<\/h3><div><p>Users can choose whether or not to enable cookies. You can control and change your cookie settings in your web browser. Information on cookie settings (for different web browsers) is available at the links below:<\/p><ul><li><a href=\"https:\/\/support.google.com\/chrome\/answer\/95647?hl=sl-sl&amp;p=cpn_cookies\" target=\"_blank\" rel=\"noopener noreferrer\">Chrome<\/a><\/li><li><a href=\"http:\/\/support.mozilla.org\/sl\/kb\/Kako%20aktivirate%20in%20deaktivirate%20pi%C5%A1kote\" target=\"_blank\" rel=\"noopener noreferrer\">Firefox<\/a><\/li><li><a href=\"http:\/\/windows.microsoft.com\/sl-si\/windows-vista\/block-or-allow-cookies\" target=\"_blank\" rel=\"noopener noreferrer\">Internet Explorer\u00a0 <\/a>.<\/li><li><a href=\"http:\/\/www.opera.com\/help\/tutorials\/security\/cookies\/\" target=\"_blank\" rel=\"noopener noreferrer\">Opera<\/a>\u00a0.<\/li><li><a href=\"http:\/\/support.apple.com\/kb\/PH11913\" target=\"_blank\" rel=\"noopener noreferrer\">Safari<\/a>\u00a0.<\/li><\/ul><p>Turning cookies off will disable some of the website's features.<\/p><h3><code><a role='button' tabindex='0' class=\"medium cli-plugin-button cli-plugin-main-button cli_settings_button\">Za nastavitve pi\u0161kotkov na els-m.com kliknite tukaj<\/a><\/code><\/h3><\/div><\/div>\t\t\t\t\t\t<\/div>\n\t\t\t\t<\/div>\n\t\t\t\t\t<\/div>\n\t\t<\/div>\n\t\t\t\t\t<\/div>\n\t\t<\/section>\n\t\t\t\t<\/div>","protected":false},"excerpt":{"rendered":"<p>O pi\u0161kotkih Kaj so pi\u0161kotki? Pi\u0161kotki so majhne besedilne datoteke, ki jih ve\u010dina spletnih mest shrani v naprave, s katerimi uporabniki dostopajo do medmre\u017eja, da bi lahko prepoznavala posamezne naprave, ki so jih uporabniki uporabili pri dostopu. Njihovo shranjevanje je pod popolnim nadzorom brskalnika, ki ga uporablja uporabnik &#8211; ta lahko shranjevanje pi\u0161kotkov po \u017eelji &hellip;<\/p>\n<p class=\"read-more\"> <a class=\"\" href=\"https:\/\/www.els-m.com\/en\/o-piskotkih\/\"> <span class=\"screen-reader-text\">About Cookies<\/span> Read More &raquo;<\/a><\/p>","protected":false},"author":1,"featured_media":0,"parent":0,"menu_order":0,"comment_status":"closed","ping_status":"closed","template":"","meta":{"_monsterinsights_skip_tracking":false,"_monsterinsights_sitenote_active":false,"_monsterinsights_sitenote_note":"","_monsterinsights_sitenote_category":0,"site-sidebar-layout":"no-sidebar","site-content-layout":"page-builder","ast-global-header-display":"","ast-main-header-display":"","ast-hfb-above-header-display":"","ast-hfb-below-header-display":"","ast-hfb-mobile-header-display":"","site-post-title":"disabled","ast-breadcrumbs-content":"","ast-featured-img":"disabled","footer-sml-layout":"","theme-transparent-header-meta":"default","adv-header-id-meta":"","stick-header-meta":"","header-above-stick-meta":"","header-main-stick-meta":"","header-below-stick-meta":""},"_links":{"self":[{"href":"https:\/\/www.els-m.com\/en\/wp-json\/wp\/v2\/pages\/1566"}],"collection":[{"href":"https:\/\/www.els-m.com\/en\/wp-json\/wp\/v2\/pages"}],"about":[{"href":"https:\/\/www.els-m.com\/en\/wp-json\/wp\/v2\/types\/page"}],"author":[{"embeddable":true,"href":"https:\/\/www.els-m.com\/en\/wp-json\/wp\/v2\/users\/1"}],"replies":[{"embeddable":true,"href":"https:\/\/www.els-m.com\/en\/wp-json\/wp\/v2\/comments?post=1566"}],"version-history":[{"count":10,"href":"https:\/\/www.els-m.com\/en\/wp-json\/wp\/v2\/pages\/1566\/revisions"}],"predecessor-version":[{"id":1773,"href":"https:\/\/www.els-m.com\/en\/wp-json\/wp\/v2\/pages\/1566\/revisions\/1773"}],"wp:attachment":[{"href":"https:\/\/www.els-m.com\/en\/wp-json\/wp\/v2\/media?parent=1566"}],"curies":[{"name":"wp","href":"https:\/\/api.w.org\/{rel}","templated":true}]}}