{"id":1532,"date":"2020-04-11T20:35:33","date_gmt":"2020-04-11T20:35:33","guid":{"rendered":"https:\/\/www.els-m.com\/work\/?page_id=1532"},"modified":"2020-05-06T11:43:11","modified_gmt":"2020-05-06T11:43:11","slug":"procesna-tehnika","status":"publish","type":"page","link":"https:\/\/www.els-m.com\/en\/storitve\/procesna-tehnika\/","title":{"rendered":"Processing technique"},"content":{"rendered":"<div data-elementor-type=\"wp-post\" data-elementor-id=\"1532\" class=\"elementor elementor-1532\">\n\t\t\t\t\t\t<section class=\"elementor-section elementor-top-section elementor-element elementor-element-5158cc9 elementor-section-boxed elementor-section-height-default elementor-section-height-default\" data-id=\"5158cc9\" data-element_type=\"section\">\n\t\t\t\t\t\t<div class=\"elementor-container elementor-column-gap-default\">\n\t\t\t\t\t<div class=\"elementor-column elementor-col-66 elementor-top-column elementor-element elementor-element-c41e9eb\" data-id=\"c41e9eb\" data-element_type=\"column\">\n\t\t\t<div class=\"elementor-widget-wrap elementor-element-populated\">\n\t\t\t\t\t\t<div class=\"elementor-element elementor-element-ec22630 elementor-hidden-phone elementor-widget elementor-widget-spacer\" data-id=\"ec22630\" data-element_type=\"widget\" data-widget_type=\"spacer.default\">\n\t\t\t\t<div class=\"elementor-widget-container\">\n\t\t\t\t\t<div class=\"elementor-spacer\">\n\t\t\t<div class=\"elementor-spacer-inner\"><\/div>\n\t\t<\/div>\n\t\t\t\t<\/div>\n\t\t\t\t<\/div>\n\t\t\t\t<div class=\"elementor-element elementor-element-604fdca elementor-invisible elementor-widget elementor-widget-heading\" data-id=\"604fdca\" data-element_type=\"widget\" data-settings=\"{&quot;_animation&quot;:&quot;fadeIn&quot;}\" data-widget_type=\"heading.default\">\n\t\t\t\t<div class=\"elementor-widget-container\">\n\t\t\t<h2 class=\"elementor-heading-title elementor-size-default\">Processing technique<\/h2>\t\t<\/div>\n\t\t\t\t<\/div>\n\t\t\t\t<div class=\"elementor-element elementor-element-f0de781 elementor-hidden-phone elementor-widget elementor-widget-spacer\" data-id=\"f0de781\" data-element_type=\"widget\" data-widget_type=\"spacer.default\">\n\t\t\t\t<div class=\"elementor-widget-container\">\n\t\t\t\t\t<div class=\"elementor-spacer\">\n\t\t\t<div class=\"elementor-spacer-inner\"><\/div>\n\t\t<\/div>\n\t\t\t\t<\/div>\n\t\t\t\t<\/div>\n\t\t\t\t<div class=\"elementor-element elementor-element-3fbb260 elementor-invisible elementor-widget elementor-widget-text-editor\" data-id=\"3fbb260\" data-element_type=\"widget\" data-settings=\"{&quot;_animation&quot;:&quot;fadeIn&quot;}\" data-widget_type=\"text-editor.default\">\n\t\t\t\t<div class=\"elementor-widget-container\">\n\t\t\t\t\t\t\t<p>One of the most interesting and technically demanding industries in our program is the implementation of electrical installations of the so-called process engeneering.<br \/>This area covers everything related to:<\/p><ul><li>decant of fluids<\/li><li>heating<\/li><li>cooling<\/li><li>filtering<\/li><li>dosing various types of media<\/li><\/ul><p>We operate in the automotive industry (paint shops), thermal power plants, petrochemicals and other industries where we are trained to perform installations, despite the demanding regulations in this fire hazardous and highly aggressive environment for embedded materials.<\/p>\t\t\t\t\t\t<\/div>\n\t\t\t\t<\/div>\n\t\t\t\t\t<\/div>\n\t\t<\/div>\n\t\t\t\t<div class=\"elementor-column elementor-col-33 elementor-top-column elementor-element elementor-element-b65dcf2\" data-id=\"b65dcf2\" data-element_type=\"column\">\n\t\t\t<div class=\"elementor-widget-wrap elementor-element-populated\">\n\t\t\t\t\t\t<div class=\"elementor-element elementor-element-cb08def elementor-widget elementor-widget-spacer\" data-id=\"cb08def\" data-element_type=\"widget\" data-widget_type=\"spacer.default\">\n\t\t\t\t<div class=\"elementor-widget-container\">\n\t\t\t\t\t<div class=\"elementor-spacer\">\n\t\t\t<div class=\"elementor-spacer-inner\"><\/div>\n\t\t<\/div>\n\t\t\t\t<\/div>\n\t\t\t\t<\/div>\n\t\t\t\t<div class=\"elementor-element elementor-element-0afb2fd elementor-invisible elementor-widget elementor-widget-image\" data-id=\"0afb2fd\" data-element_type=\"widget\" data-settings=\"{&quot;_animation&quot;:&quot;fadeIn&quot;}\" data-widget_type=\"image.default\">\n\t\t\t\t<div class=\"elementor-widget-container\">\n\t\t\t\t\t\t\t\t\t\t\t\t\t<img fetchpriority=\"high\" decoding=\"async\" width=\"1024\" height=\"576\" src=\"https:\/\/www.els-m.com\/wp-content\/uploads\/2020\/04\/ProcesnaTehnikaSlideShow-1024x576.jpg\" class=\"attachment-large size-large wp-image-1293\" alt=\"\" srcset=\"https:\/\/www.els-m.com\/wp-content\/uploads\/2020\/04\/ProcesnaTehnikaSlideShow-1024x576.jpg 1024w, https:\/\/www.els-m.com\/wp-content\/uploads\/2020\/04\/ProcesnaTehnikaSlideShow-300x169.jpg 300w, https:\/\/www.els-m.com\/wp-content\/uploads\/2020\/04\/ProcesnaTehnikaSlideShow-768x432.jpg 768w, https:\/\/www.els-m.com\/wp-content\/uploads\/2020\/04\/ProcesnaTehnikaSlideShow.jpg 1200w\" sizes=\"(max-width: 1024px) 100vw, 1024px\" \/>\t\t\t\t\t\t\t\t\t\t\t\t\t<\/div>\n\t\t\t\t<\/div>\n\t\t\t\t<div class=\"elementor-element elementor-element-c23d645 elementor-invisible elementor-widget elementor-widget-wp-widget-nav_menu\" data-id=\"c23d645\" data-element_type=\"widget\" data-settings=\"{&quot;_animation&quot;:&quot;fadeIn&quot;}\" data-widget_type=\"wp-widget-nav_menu.default\">\n\t\t\t\t<div class=\"elementor-widget-container\">\n\t\t\t<h5>Check out our other services<\/h5><nav class=\"menu-ostale-storitve-container\" aria-label=\"Check out our other services\"><ul id=\"menu-ostale-storitve\" class=\"menu\"><li id=\"menu-item-1528\" class=\"menu-item menu-item-type-post_type menu-item-object-page menu-item-1528\"><a href=\"https:\/\/www.els-m.com\/en\/storitve\/transportna-tehnika\/\" class=\"menu-link\">Transport technique<\/a><\/li>\n<li id=\"menu-item-1316\" class=\"menu-item menu-item-type-post_type menu-item-object-page menu-item-1316\"><a href=\"https:\/\/www.els-m.com\/en\/storitve\/robotika\/\" class=\"menu-link\">Robotics<\/a><\/li>\n<li id=\"menu-item-1536\" class=\"menu-item menu-item-type-post_type menu-item-object-page menu-item-1536\"><a href=\"https:\/\/www.els-m.com\/en\/storitve\/procesna-tehnika\/\" class=\"menu-link\">Processing technique<\/a><\/li>\n<li id=\"menu-item-1543\" class=\"menu-item menu-item-type-post_type menu-item-object-page menu-item-1543\"><a href=\"https:\/\/www.els-m.com\/en\/storitve\/vodenje-gradbisc\/\" class=\"menu-link\">Management of construction sites<\/a><\/li>\n<li id=\"menu-item-1556\" class=\"menu-item menu-item-type-post_type menu-item-object-page menu-item-1556\"><a href=\"https:\/\/www.els-m.com\/en\/storitve\/proizvodnja-stikalnih-omar\/\" class=\"menu-link\">Manufacture of electrical switch cabinets<\/a><\/li>\n<li id=\"menu-item-1562\" class=\"menu-item menu-item-type-post_type menu-item-object-page menu-item-1562\"><a href=\"https:\/\/www.els-m.com\/en\/storitve\/zagon-linij-in-programiranje\/\" class=\"menu-link\">Line startup and programming<\/a><\/li>\n<li id=\"menu-item-1604\" class=\"menu-item menu-item-type-post_type menu-item-object-page menu-item-1604\"><a href=\"https:\/\/www.els-m.com\/en\/storitve\/industrijske-instalacije\/\" class=\"menu-link\">Industrial installations<\/a><\/li>\n<li id=\"menu-item-1603\" class=\"menu-item menu-item-type-post_type menu-item-object-page menu-item-1603\"><a href=\"https:\/\/www.els-m.com\/en\/storitve\/najem-vozil\/\" class=\"menu-link\">Car Rental<\/a><\/li>\n<\/ul><\/nav>\t\t<\/div>\n\t\t\t\t<\/div>\n\t\t\t\t\t<\/div>\n\t\t<\/div>\n\t\t\t\t\t<\/div>\n\t\t<\/section>\n\t\t\t\t<section class=\"elementor-section elementor-top-section elementor-element elementor-element-c71c8b8 elementor-section-boxed elementor-section-height-default elementor-section-height-default elementor-invisible\" data-id=\"c71c8b8\" data-element_type=\"section\" data-settings=\"{&quot;animation&quot;:&quot;fadeIn&quot;}\">\n\t\t\t\t\t\t<div class=\"elementor-container elementor-column-gap-default\">\n\t\t\t\t\t<div class=\"elementor-column elementor-col-100 elementor-top-column elementor-element elementor-element-13a7008\" data-id=\"13a7008\" data-element_type=\"column\" data-settings=\"{&quot;background_background&quot;:&quot;classic&quot;}\">\n\t\t\t<div class=\"elementor-widget-wrap elementor-element-populated\">\n\t\t\t\t\t\t<div class=\"elementor-element elementor-element-6673496 elementor-widget elementor-widget-heading\" data-id=\"6673496\" data-element_type=\"widget\" data-widget_type=\"heading.default\">\n\t\t\t\t<div class=\"elementor-widget-container\">\n\t\t\t<h3 class=\"elementor-heading-title elementor-size-default\">Our projects<\/h3>\t\t<\/div>\n\t\t\t\t<\/div>\n\t\t\t\t<div class=\"elementor-element elementor-element-bd0ff1b elementor-widget elementor-widget-text-editor\" data-id=\"bd0ff1b\" data-element_type=\"widget\" data-widget_type=\"text-editor.default\">\n\t\t\t\t<div class=\"elementor-widget-container\">\n\t\t\t\t\t\t\t<ul><li>Daimler \u2013 Bremen, HRK Linie 2016 Aktuell<\/li><li>INDUSTRIEPARK-HOCHST, MSR Technik 2019 Aktuell<\/li><li>APL \u2013 Landau ,BAU44_1_2_Gebaeudeinstallation 2018 \/ 2019<\/li><li>KARL SIMON- Aichhhalden, Gebaeudeinstallation 2019<\/li><li>WINTERSHALL \u2013 Landau, Gebaeudeinstallation 2019<\/li><li>APL \u2013 Landau ,BAU31_2_Gebaeudeinstallation 2019<\/li><li>INDUSTRIEPARK \u2013 Hoechst, Gebaeudeinstallation E325 2019<\/li><\/ul>\t\t\t\t\t\t<\/div>\n\t\t\t\t<\/div>\n\t\t\t\t\t<\/div>\n\t\t<\/div>\n\t\t\t\t\t<\/div>\n\t\t<\/section>\n\t\t\t\t<section class=\"elementor-section elementor-top-section elementor-element elementor-element-421ab85 elementor-section-boxed elementor-section-height-default elementor-section-height-default elementor-invisible\" data-id=\"421ab85\" data-element_type=\"section\" data-settings=\"{&quot;animation&quot;:&quot;fadeIn&quot;}\">\n\t\t\t\t\t\t<div class=\"elementor-container elementor-column-gap-default\">\n\t\t\t\t\t<div class=\"elementor-column elementor-col-100 elementor-top-column elementor-element elementor-element-6094fb8\" data-id=\"6094fb8\" data-element_type=\"column\">\n\t\t\t<div class=\"elementor-widget-wrap elementor-element-populated\">\n\t\t\t\t\t\t<div class=\"elementor-element elementor-element-a1c6878 elementor-widget elementor-widget-wp-widget-foogallery_widget\" data-id=\"a1c6878\" data-element_type=\"widget\" data-widget_type=\"wp-widget-foogallery_widget.default\">\n\t\t\t\t<div class=\"elementor-widget-container\">\n\t\t\t<style type=\"text\/css\">\n#foogallery-gallery-1495 .fg-image { width: 150px; }\n#foogallery-gallery-1495 { --fg-gutter: 10px; }<\/style>\n\t\t\t<div class=\"foogallery foogallery-container foogallery-default foogallery-lightbox-foobox fg-center fg-default fg-ready fg-light fg-round-small fg-shadow-small fg-loading-default fg-loaded-fade-in fg-hover-grayscale fg-caption-hover fg-hover-fade fg-hover-zoom\" id=\"foogallery-gallery-1495\" data-foogallery=\"{&quot;item&quot;:{&quot;showCaptionTitle&quot;:true,&quot;showCaptionDescription&quot;:true},&quot;lazy&quot;:true,&quot;paging&quot;:{&quot;type&quot;:&quot;dots&quot;,&quot;size&quot;:6,&quot;position&quot;:&quot;bottom&quot;,&quot;scrollToTop&quot;:true,&quot;output&quot;:&quot;html&quot;,&quot;theme&quot;:&quot;fg-light&quot;}}\" style=\"--fg-title-line-clamp: 0; --fg-description-line-clamp: 0;\" >\n\t<div class=\"fg-item fg-type-image fg-idle\"><figure class=\"fg-item-inner\"><a href=\"https:\/\/www.els-m.com\/wp-content\/uploads\/2020\/04\/Aplikacijski-lakirni-sistemi.jpg\" data-attachment-id=\"1496\" data-type=\"image\" class=\"fg-thumb\"><span class=\"fg-image-wrap\"><img decoding=\"async\" width=\"150\" height=\"150\" class=\"skip-lazy fg-image\" data-src-fg=\"https:\/\/www.els-m.com\/wp-content\/uploads\/cache\/2020\/04\/Aplikacijski-lakirni-sistemi\/1215743220.jpg\" src=\"data:image\/svg+xml,%3Csvg%20xmlns%3D%22http%3A%2F%2Fwww.w3.org%2F2000%2Fsvg%22%20width%3D%22150%22%20height%3D%22150%22%20viewBox%3D%220%200%20150%20150%22%3E%3C%2Fsvg%3E\" loading=\"eager\"><\/span><span class=\"fg-image-overlay\"><\/span><\/a><\/figure><div class=\"fg-loader\"><\/div><\/div><div class=\"fg-item fg-type-image fg-idle\"><figure class=\"fg-item-inner\"><a href=\"https:\/\/www.els-m.com\/wp-content\/uploads\/2020\/04\/Aplikacijski-lakirni-sistemi_2.jpg\" data-attachment-id=\"1497\" data-type=\"image\" class=\"fg-thumb\"><span class=\"fg-image-wrap\"><img decoding=\"async\" width=\"150\" height=\"150\" class=\"skip-lazy fg-image\" data-src-fg=\"https:\/\/www.els-m.com\/wp-content\/uploads\/cache\/2020\/04\/Aplikacijski-lakirni-sistemi_2\/2368095692.jpg\" src=\"data:image\/svg+xml,%3Csvg%20xmlns%3D%22http%3A%2F%2Fwww.w3.org%2F2000%2Fsvg%22%20width%3D%22150%22%20height%3D%22150%22%20viewBox%3D%220%200%20150%20150%22%3E%3C%2Fsvg%3E\" loading=\"eager\"><\/span><span class=\"fg-image-overlay\"><\/span><\/a><\/figure><div class=\"fg-loader\"><\/div><\/div><div class=\"fg-item fg-type-image fg-idle\"><figure class=\"fg-item-inner\"><a href=\"https:\/\/www.els-m.com\/wp-content\/uploads\/2020\/04\/Arcont-koncna-podoba-004.jpg\" data-attachment-id=\"1498\" data-type=\"image\" class=\"fg-thumb\"><span class=\"fg-image-wrap\"><img decoding=\"async\" width=\"150\" height=\"150\" class=\"skip-lazy fg-image\" data-src-fg=\"https:\/\/www.els-m.com\/wp-content\/uploads\/cache\/2020\/04\/Arcont-koncna-podoba-004\/519306180.jpg\" src=\"data:image\/svg+xml,%3Csvg%20xmlns%3D%22http%3A%2F%2Fwww.w3.org%2F2000%2Fsvg%22%20width%3D%22150%22%20height%3D%22150%22%20viewBox%3D%220%200%20150%20150%22%3E%3C%2Fsvg%3E\" loading=\"eager\"><\/span><span class=\"fg-image-overlay\"><\/span><\/a><\/figure><div class=\"fg-loader\"><\/div><\/div><div class=\"fg-item fg-type-image fg-idle\"><figure class=\"fg-item-inner\"><a href=\"https:\/\/www.els-m.com\/wp-content\/uploads\/2020\/04\/\u010crpalni-sistemi-za-pretakanje-fluidike.jpg\" data-attachment-id=\"1499\" data-type=\"image\" class=\"fg-thumb\"><span class=\"fg-image-wrap\"><img decoding=\"async\" width=\"150\" height=\"150\" class=\"skip-lazy fg-image\" data-src-fg=\"https:\/\/www.els-m.com\/wp-content\/uploads\/cache\/2020\/04\/rpalni-sistemi-za-pretakanje-fluidike\/3714941341.jpg\" src=\"data:image\/svg+xml,%3Csvg%20xmlns%3D%22http%3A%2F%2Fwww.w3.org%2F2000%2Fsvg%22%20width%3D%22150%22%20height%3D%22150%22%20viewBox%3D%220%200%20150%20150%22%3E%3C%2Fsvg%3E\" loading=\"eager\"><\/span><span class=\"fg-image-overlay\"><\/span><\/a><\/figure><div class=\"fg-loader\"><\/div><\/div><div class=\"fg-item fg-type-image fg-idle\"><figure class=\"fg-item-inner\"><a href=\"https:\/\/www.els-m.com\/wp-content\/uploads\/2020\/04\/Dozirno-me\u0161alni-sistemi.jpg\" data-attachment-id=\"1500\" data-type=\"image\" class=\"fg-thumb\"><span class=\"fg-image-wrap\"><img decoding=\"async\" width=\"150\" height=\"150\" class=\"skip-lazy fg-image\" data-src-fg=\"https:\/\/www.els-m.com\/wp-content\/uploads\/cache\/2020\/04\/Dozirno-me\u0161alni-sistemi\/1634950683.jpg\" src=\"data:image\/svg+xml,%3Csvg%20xmlns%3D%22http%3A%2F%2Fwww.w3.org%2F2000%2Fsvg%22%20width%3D%22150%22%20height%3D%22150%22%20viewBox%3D%220%200%20150%20150%22%3E%3C%2Fsvg%3E\" loading=\"eager\"><\/span><span class=\"fg-image-overlay\"><\/span><\/a><\/figure><div class=\"fg-loader\"><\/div><\/div><div class=\"fg-item fg-type-image fg-idle\"><figure class=\"fg-item-inner\"><a href=\"https:\/\/www.els-m.com\/wp-content\/uploads\/2020\/04\/Lakirne-komore.jpg\" data-attachment-id=\"1501\" data-type=\"image\" class=\"fg-thumb\"><span class=\"fg-image-wrap\"><img decoding=\"async\" width=\"150\" height=\"150\" class=\"skip-lazy fg-image\" data-src-fg=\"https:\/\/www.els-m.com\/wp-content\/uploads\/cache\/2020\/04\/Lakirne-komore\/3139186435.jpg\" src=\"data:image\/svg+xml,%3Csvg%20xmlns%3D%22http%3A%2F%2Fwww.w3.org%2F2000%2Fsvg%22%20width%3D%22150%22%20height%3D%22150%22%20viewBox%3D%220%200%20150%20150%22%3E%3C%2Fsvg%3E\" loading=\"eager\"><\/span><span class=\"fg-image-overlay\"><\/span><\/a><\/figure><div class=\"fg-loader\"><\/div><\/div><div class=\"fg-item fg-type-image fg-idle fg-hidden\"><figure class=\"fg-item-inner\"><a href=\"https:\/\/www.els-m.com\/wp-content\/uploads\/2020\/04\/Pe\u010di-za-segrevanje-lakirnih-komor.jpg\" data-attachment-id=\"1502\" data-type=\"image\" class=\"fg-thumb\"><span class=\"fg-image-wrap\"><img decoding=\"async\" width=\"150\" height=\"150\" class=\"skip-lazy fg-image\" data-src-fg=\"https:\/\/www.els-m.com\/wp-content\/uploads\/cache\/2020\/04\/Pe\u010di-za-segrevanje-lakirnih-komor\/3845875069.jpg\" src=\"data:image\/svg+xml,%3Csvg%20xmlns%3D%22http%3A%2F%2Fwww.w3.org%2F2000%2Fsvg%22%20width%3D%22150%22%20height%3D%22150%22%20viewBox%3D%220%200%20150%20150%22%3E%3C%2Fsvg%3E\" loading=\"eager\"><\/span><span class=\"fg-image-overlay\"><\/span><\/a><\/figure><div class=\"fg-loader\"><\/div><\/div><div class=\"fg-item fg-type-image fg-idle fg-hidden\"><figure class=\"fg-item-inner\"><a href=\"https:\/\/www.els-m.com\/wp-content\/uploads\/2020\/04\/Regulacijski-sistemi.jpg\" data-attachment-id=\"1503\" data-type=\"image\" class=\"fg-thumb\"><span class=\"fg-image-wrap\"><img decoding=\"async\" width=\"150\" height=\"150\" class=\"skip-lazy fg-image\" data-src-fg=\"https:\/\/www.els-m.com\/wp-content\/uploads\/cache\/2020\/04\/Regulacijski-sistemi\/1495422081.jpg\" src=\"data:image\/svg+xml,%3Csvg%20xmlns%3D%22http%3A%2F%2Fwww.w3.org%2F2000%2Fsvg%22%20width%3D%22150%22%20height%3D%22150%22%20viewBox%3D%220%200%20150%20150%22%3E%3C%2Fsvg%3E\" loading=\"eager\"><\/span><span class=\"fg-image-overlay\"><\/span><\/a><\/figure><div class=\"fg-loader\"><\/div><\/div><div class=\"fg-item fg-type-image fg-idle fg-hidden\"><figure class=\"fg-item-inner\"><a href=\"https:\/\/www.els-m.com\/wp-content\/uploads\/2020\/04\/Ventilacijski-prezra\u010devalni-sistemi.jpg\" data-attachment-id=\"1504\" data-type=\"image\" class=\"fg-thumb\"><span class=\"fg-image-wrap\"><img decoding=\"async\" width=\"150\" height=\"150\" class=\"skip-lazy fg-image\" data-src-fg=\"https:\/\/www.els-m.com\/wp-content\/uploads\/cache\/2020\/04\/Ventilacijski-prezra\u010devalni-sistemi\/4046072705.jpg\" src=\"data:image\/svg+xml,%3Csvg%20xmlns%3D%22http%3A%2F%2Fwww.w3.org%2F2000%2Fsvg%22%20width%3D%22150%22%20height%3D%22150%22%20viewBox%3D%220%200%20150%20150%22%3E%3C%2Fsvg%3E\" loading=\"eager\"><\/span><span class=\"fg-image-overlay\"><\/span><\/a><\/figure><div class=\"fg-loader\"><\/div><\/div><\/div>\n<nav id=\"foogallery-gallery-1495_paging-bottom\" class=\"fg-paging-container fg-ph-dots\"><\/nav>\t\t<\/div>\n\t\t\t\t<\/div>\n\t\t\t\t\t<\/div>\n\t\t<\/div>\n\t\t\t\t\t<\/div>\n\t\t<\/section>\n\t\t\t\t<section class=\"elementor-section elementor-top-section elementor-element elementor-element-1a0c346f elementor-section-boxed elementor-section-height-default elementor-section-height-default\" data-id=\"1a0c346f\" data-element_type=\"section\">\n\t\t\t\t\t\t<div class=\"elementor-container elementor-column-gap-default\">\n\t\t\t\t\t<div class=\"elementor-column elementor-col-100 elementor-top-column elementor-element elementor-element-4ee53bdd\" data-id=\"4ee53bdd\" data-element_type=\"column\">\n\t\t\t<div class=\"elementor-widget-wrap elementor-element-populated\">\n\t\t\t\t\t\t<div class=\"elementor-element elementor-element-5bb24c4b elementor-widget elementor-widget-heading\" data-id=\"5bb24c4b\" data-element_type=\"widget\" data-widget_type=\"heading.default\">\n\t\t\t\t<div class=\"elementor-widget-container\">\n\t\t\t<h3 class=\"elementor-heading-title elementor-size-default\">Companies that trust us<\/h3>\t\t<\/div>\n\t\t\t\t<\/div>\n\t\t\t\t<div class=\"elementor-element elementor-element-657f0659 elementor-pagination-position-outside elementor-widget elementor-widget-image-carousel\" data-id=\"657f0659\" data-element_type=\"widget\" data-settings=\"{&quot;navigation&quot;:&quot;dots&quot;,&quot;autoplay&quot;:&quot;yes&quot;,&quot;pause_on_hover&quot;:&quot;yes&quot;,&quot;pause_on_interaction&quot;:&quot;yes&quot;,&quot;autoplay_speed&quot;:5000,&quot;infinite&quot;:&quot;yes&quot;,&quot;speed&quot;:500}\" data-widget_type=\"image-carousel.default\">\n\t\t\t\t<div class=\"elementor-widget-container\">\n\t\t\t\t\t<div class=\"elementor-image-carousel-wrapper swiper\" dir=\"ltr\">\n\t\t\t<div class=\"elementor-image-carousel swiper-wrapper\" aria-live=\"off\">\n\t\t\t\t\t\t\t\t<div class=\"swiper-slide\" role=\"group\" aria-roledescription=\"slide\" aria-label=\"1 of 14\"><figure class=\"swiper-slide-inner\"><img decoding=\"async\" class=\"swiper-slide-image\" src=\"https:\/\/www.els-m.com\/wp-content\/uploads\/2020\/05\/mercedes-benz.png\" alt=\"mercedes-benz\" \/><\/figure><\/div><div class=\"swiper-slide\" role=\"group\" aria-roledescription=\"slide\" aria-label=\"2 of 14\"><figure class=\"swiper-slide-inner\"><img decoding=\"async\" class=\"swiper-slide-image\" src=\"https:\/\/www.els-m.com\/wp-content\/uploads\/2020\/03\/logo__0010_Audi.png\" alt=\"logo__0010_Audi\" \/><\/figure><\/div><div class=\"swiper-slide\" role=\"group\" aria-roledescription=\"slide\" aria-label=\"3 of 14\"><figure class=\"swiper-slide-inner\"><img decoding=\"async\" class=\"swiper-slide-image\" src=\"https:\/\/www.els-m.com\/wp-content\/uploads\/2020\/03\/logo__0008_VW.png\" alt=\"logo__0008_VW\" \/><\/figure><\/div><div class=\"swiper-slide\" role=\"group\" aria-roledescription=\"slide\" aria-label=\"4 of 14\"><figure class=\"swiper-slide-inner\"><img decoding=\"async\" class=\"swiper-slide-image\" src=\"https:\/\/www.els-m.com\/wp-content\/uploads\/2020\/05\/vwsachsen.png\" alt=\"vwsachsen\" \/><\/figure><\/div><div class=\"swiper-slide\" role=\"group\" aria-roledescription=\"slide\" aria-label=\"5 of 14\"><figure class=\"swiper-slide-inner\"><img decoding=\"async\" class=\"swiper-slide-image\" src=\"https:\/\/www.els-m.com\/wp-content\/uploads\/2020\/03\/logo__0006_BMW.png\" alt=\"logo__0006_BMW\" \/><\/figure><\/div><div class=\"swiper-slide\" role=\"group\" aria-roledescription=\"slide\" aria-label=\"6 of 14\"><figure class=\"swiper-slide-inner\"><img decoding=\"async\" class=\"swiper-slide-image\" src=\"https:\/\/www.els-m.com\/wp-content\/uploads\/2020\/05\/thyssenkrupp.png\" alt=\"thyssenkrupp\" \/><\/figure><\/div><div class=\"swiper-slide\" role=\"group\" aria-roledescription=\"slide\" aria-label=\"7 of 14\"><figure class=\"swiper-slide-inner\"><img decoding=\"async\" class=\"swiper-slide-image\" src=\"https:\/\/www.els-m.com\/wp-content\/uploads\/2020\/05\/iph.png\" alt=\"iph\" \/><\/figure><\/div><div class=\"swiper-slide\" role=\"group\" aria-roledescription=\"slide\" aria-label=\"8 of 14\"><figure class=\"swiper-slide-inner\"><img decoding=\"async\" class=\"swiper-slide-image\" src=\"https:\/\/www.els-m.com\/wp-content\/uploads\/2020\/05\/smart-logo.png\" alt=\"smart-logo\" \/><\/figure><\/div><div class=\"swiper-slide\" role=\"group\" aria-roledescription=\"slide\" aria-label=\"9 of 14\"><figure class=\"swiper-slide-inner\"><img decoding=\"async\" class=\"swiper-slide-image\" src=\"https:\/\/www.els-m.com\/wp-content\/uploads\/2020\/05\/apl.png\" alt=\"apl\" \/><\/figure><\/div><div class=\"swiper-slide\" role=\"group\" aria-roledescription=\"slide\" aria-label=\"10 of 14\"><figure class=\"swiper-slide-inner\"><img decoding=\"async\" class=\"swiper-slide-image\" src=\"https:\/\/www.els-m.com\/wp-content\/uploads\/2020\/05\/starkom.png\" alt=\"starkom\" \/><\/figure><\/div><div class=\"swiper-slide\" role=\"group\" aria-roledescription=\"slide\" aria-label=\"11 of 14\"><figure class=\"swiper-slide-inner\"><img decoding=\"async\" class=\"swiper-slide-image\" src=\"https:\/\/www.els-m.com\/wp-content\/uploads\/2020\/05\/EvoBus-Logo.wine_.png\" alt=\"EvoBus-Logo.wine\" \/><\/figure><\/div><div class=\"swiper-slide\" role=\"group\" aria-roledescription=\"slide\" aria-label=\"12 of 14\"><figure class=\"swiper-slide-inner\"><img decoding=\"async\" class=\"swiper-slide-image\" src=\"https:\/\/www.els-m.com\/wp-content\/uploads\/2020\/05\/aumann-ag-logo.png\" alt=\"aumann-ag-logo\" \/><\/figure><\/div><div class=\"swiper-slide\" role=\"group\" aria-roledescription=\"slide\" aria-label=\"13 of 14\"><figure class=\"swiper-slide-inner\"><img decoding=\"async\" class=\"swiper-slide-image\" src=\"https:\/\/www.els-m.com\/wp-content\/uploads\/2020\/05\/Bosch.png\" alt=\"Bosch\" \/><\/figure><\/div><div class=\"swiper-slide\" role=\"group\" aria-roledescription=\"slide\" aria-label=\"14 of 14\"><figure class=\"swiper-slide-inner\"><img decoding=\"async\" class=\"swiper-slide-image\" src=\"https:\/\/www.els-m.com\/wp-content\/uploads\/2020\/05\/wintershall_dea.png\" alt=\"wintershall_dea\" \/><\/figure><\/div>\t\t\t<\/div>\n\t\t\t\t\t\t\t\n\t\t\t\t\t\t\t\t\t<div class=\"swiper-pagination\"><\/div>\n\t\t\t\t\t\t\t\t\t<\/div>\n\t\t\t\t<\/div>\n\t\t\t\t<\/div>\n\t\t\t\t\t<\/div>\n\t\t<\/div>\n\t\t\t\t\t<\/div>\n\t\t<\/section>\n\t\t\t\t<\/div>","protected":false},"excerpt":{"rendered":"<p>Procesna tehnika Ena najzanimivej\u0161ih in tehni\u010dno najzahtevnej\u0161ih panog v na\u0161em programu, je izvajanje in\u0161talacij tako imenovane \u00bbProcesne tehnike\u00ab.To podro\u010dje zajema vse kar je povezano s: pretakanjem segrevanjem hlajenjem filtriranjem doziranjem raznoraznih medijev Delujemo v avtomobilski industriji (lakirnice), termoelektrarnah, petrokemiji in drugih industrijah, kjer smo usposobljeni izvesti in\u0161talacije, kljub zahtevnim predpisom v tem po\u017earno nevarnem in &hellip;<\/p>\n<p class=\"read-more\"> <a class=\"\" href=\"https:\/\/www.els-m.com\/en\/storitve\/procesna-tehnika\/\"> <span class=\"screen-reader-text\">Processing technique<\/span> Read More &raquo;<\/a><\/p>","protected":false},"author":1,"featured_media":0,"parent":74,"menu_order":0,"comment_status":"closed","ping_status":"closed","template":"","meta":{"_monsterinsights_skip_tracking":false,"_monsterinsights_sitenote_active":false,"_monsterinsights_sitenote_note":"","_monsterinsights_sitenote_category":0,"site-sidebar-layout":"no-sidebar","site-content-layout":"page-builder","ast-global-header-display":"","ast-main-header-display":"","ast-hfb-above-header-display":"","ast-hfb-below-header-display":"","ast-hfb-mobile-header-display":"","site-post-title":"disabled","ast-breadcrumbs-content":"","ast-featured-img":"disabled","footer-sml-layout":"","theme-transparent-header-meta":"default","adv-header-id-meta":"","stick-header-meta":"","header-above-stick-meta":"","header-main-stick-meta":"","header-below-stick-meta":""},"_links":{"self":[{"href":"https:\/\/www.els-m.com\/en\/wp-json\/wp\/v2\/pages\/1532"}],"collection":[{"href":"https:\/\/www.els-m.com\/en\/wp-json\/wp\/v2\/pages"}],"about":[{"href":"https:\/\/www.els-m.com\/en\/wp-json\/wp\/v2\/types\/page"}],"author":[{"embeddable":true,"href":"https:\/\/www.els-m.com\/en\/wp-json\/wp\/v2\/users\/1"}],"replies":[{"embeddable":true,"href":"https:\/\/www.els-m.com\/en\/wp-json\/wp\/v2\/comments?post=1532"}],"version-history":[{"count":13,"href":"https:\/\/www.els-m.com\/en\/wp-json\/wp\/v2\/pages\/1532\/revisions"}],"predecessor-version":[{"id":1727,"href":"https:\/\/www.els-m.com\/en\/wp-json\/wp\/v2\/pages\/1532\/revisions\/1727"}],"up":[{"embeddable":true,"href":"https:\/\/www.els-m.com\/en\/wp-json\/wp\/v2\/pages\/74"}],"wp:attachment":[{"href":"https:\/\/www.els-m.com\/en\/wp-json\/wp\/v2\/media?parent=1532"}],"curies":[{"name":"wp","href":"https:\/\/api.w.org\/{rel}","templated":true}]}}