{"id":1592,"date":"2020-04-14T13:57:33","date_gmt":"2020-04-14T13:57:33","guid":{"rendered":"https:\/\/www.els-m.com\/work\/?page_id=1592"},"modified":"2020-05-06T11:41:04","modified_gmt":"2020-05-06T11:41:04","slug":"industrijske-instalacije","status":"publish","type":"page","link":"https:\/\/www.els-m.com\/de\/storitve\/industrijske-instalacije\/","title":{"rendered":"Industrieanlagen"},"content":{"rendered":"<div data-elementor-type=\"wp-post\" data-elementor-id=\"1592\" class=\"elementor elementor-1592\">\n\t\t\t\t\t\t<section class=\"elementor-section elementor-top-section elementor-element elementor-element-5158cc9 elementor-section-boxed elementor-section-height-default elementor-section-height-default\" data-id=\"5158cc9\" data-element_type=\"section\">\n\t\t\t\t\t\t<div class=\"elementor-container elementor-column-gap-default\">\n\t\t\t\t\t<div class=\"elementor-column elementor-col-66 elementor-top-column elementor-element elementor-element-c41e9eb\" data-id=\"c41e9eb\" data-element_type=\"column\">\n\t\t\t<div class=\"elementor-widget-wrap elementor-element-populated\">\n\t\t\t\t\t\t<div class=\"elementor-element elementor-element-ec22630 elementor-hidden-phone elementor-widget elementor-widget-spacer\" data-id=\"ec22630\" data-element_type=\"widget\" data-widget_type=\"spacer.default\">\n\t\t\t\t<div class=\"elementor-widget-container\">\n\t\t\t\t\t<div class=\"elementor-spacer\">\n\t\t\t<div class=\"elementor-spacer-inner\"><\/div>\n\t\t<\/div>\n\t\t\t\t<\/div>\n\t\t\t\t<\/div>\n\t\t\t\t<div class=\"elementor-element elementor-element-604fdca elementor-invisible elementor-widget elementor-widget-heading\" data-id=\"604fdca\" data-element_type=\"widget\" data-settings=\"{&quot;_animation&quot;:&quot;fadeIn&quot;}\" data-widget_type=\"heading.default\">\n\t\t\t\t<div class=\"elementor-widget-container\">\n\t\t\t<h2 class=\"elementor-heading-title elementor-size-default\">Industrieanlagen<\/h2>\t\t<\/div>\n\t\t\t\t<\/div>\n\t\t\t\t<div class=\"elementor-element elementor-element-f0de781 elementor-hidden-phone elementor-widget elementor-widget-spacer\" data-id=\"f0de781\" data-element_type=\"widget\" data-widget_type=\"spacer.default\">\n\t\t\t\t<div class=\"elementor-widget-container\">\n\t\t\t\t\t<div class=\"elementor-spacer\">\n\t\t\t<div class=\"elementor-spacer-inner\"><\/div>\n\t\t<\/div>\n\t\t\t\t<\/div>\n\t\t\t\t<\/div>\n\t\t\t\t<div class=\"elementor-element elementor-element-3fbb260 elementor-invisible elementor-widget elementor-widget-text-editor\" data-id=\"3fbb260\" data-element_type=\"widget\" data-settings=\"{&quot;_animation&quot;:&quot;fadeIn&quot;}\" data-widget_type=\"text-editor.default\">\n\t\t\t\t<div class=\"elementor-widget-container\">\n\t\t\t\t\t\t\t<p>Seit 2016 haben wir den Leistungsumfang um den Bereich Industrieanlagen (Installation von Industrieanlagen) erweitert, in dem unsere qualifizierten Mitarbeiter verschiedene spezialisierte Elektroinstallationsarbeiten durchf\u00fchren, wie z.<\/p><ul><li>Installation von Transformatoren,<\/li><li>Innen- und Au\u00dfenbeleuchtung von Geb\u00e4uden,<\/li><li>Implementierung einer peripheren Industrieanlage (Stromverteilung) f\u00fcr Antriebe<\/li><li>Implementierung der peripheren industriellen Installation der Basisinfrastruktur von Industrieanlagen,<\/li><li>IT-Netzwerke und Netzwerkmetriken<\/li><\/ul>\t\t\t\t\t\t<\/div>\n\t\t\t\t<\/div>\n\t\t\t\t\t<\/div>\n\t\t<\/div>\n\t\t\t\t<div class=\"elementor-column elementor-col-33 elementor-top-column elementor-element elementor-element-b65dcf2\" data-id=\"b65dcf2\" data-element_type=\"column\">\n\t\t\t<div class=\"elementor-widget-wrap elementor-element-populated\">\n\t\t\t\t\t\t<div class=\"elementor-element elementor-element-cb08def elementor-widget elementor-widget-spacer\" data-id=\"cb08def\" data-element_type=\"widget\" data-widget_type=\"spacer.default\">\n\t\t\t\t<div class=\"elementor-widget-container\">\n\t\t\t\t\t<div class=\"elementor-spacer\">\n\t\t\t<div class=\"elementor-spacer-inner\"><\/div>\n\t\t<\/div>\n\t\t\t\t<\/div>\n\t\t\t\t<\/div>\n\t\t\t\t<div class=\"elementor-element elementor-element-0afb2fd elementor-invisible elementor-widget elementor-widget-image\" data-id=\"0afb2fd\" data-element_type=\"widget\" data-settings=\"{&quot;_animation&quot;:&quot;fadeIn&quot;}\" data-widget_type=\"image.default\">\n\t\t\t\t<div class=\"elementor-widget-container\">\n\t\t\t\t\t\t\t\t\t\t\t\t\t<img fetchpriority=\"high\" decoding=\"async\" width=\"1024\" height=\"576\" src=\"https:\/\/www.els-m.com\/wp-content\/uploads\/2020\/04\/OmrezjeSlideShow-1024x576.jpg\" class=\"attachment-large size-large wp-image-1619\" alt=\"\" srcset=\"https:\/\/www.els-m.com\/wp-content\/uploads\/2020\/04\/OmrezjeSlideShow-1024x576.jpg 1024w, https:\/\/www.els-m.com\/wp-content\/uploads\/2020\/04\/OmrezjeSlideShow-300x169.jpg 300w, https:\/\/www.els-m.com\/wp-content\/uploads\/2020\/04\/OmrezjeSlideShow-768x432.jpg 768w, https:\/\/www.els-m.com\/wp-content\/uploads\/2020\/04\/OmrezjeSlideShow.jpg 1200w\" sizes=\"(max-width: 1024px) 100vw, 1024px\" \/>\t\t\t\t\t\t\t\t\t\t\t\t\t<\/div>\n\t\t\t\t<\/div>\n\t\t\t\t<div class=\"elementor-element elementor-element-c23d645 elementor-invisible elementor-widget elementor-widget-wp-widget-nav_menu\" data-id=\"c23d645\" data-element_type=\"widget\" data-settings=\"{&quot;_animation&quot;:&quot;fadeIn&quot;}\" data-widget_type=\"wp-widget-nav_menu.default\">\n\t\t\t\t<div class=\"elementor-widget-container\">\n\t\t\t<h5>Schauen Sie sich auch unsere anderen Dienstleistungen an<\/h5><nav class=\"menu-ostale-storitve-container\" aria-label=\"Schauen Sie sich auch unsere anderen Dienstleistungen an\"><ul id=\"menu-ostale-storitve\" class=\"menu\"><li id=\"menu-item-1528\" class=\"menu-item menu-item-type-post_type menu-item-object-page menu-item-1528\"><a href=\"https:\/\/www.els-m.com\/de\/storitve\/transportna-tehnika\/\" class=\"menu-link\">Transporttechnik<\/a><\/li>\n<li id=\"menu-item-1316\" class=\"menu-item menu-item-type-post_type menu-item-object-page menu-item-1316\"><a href=\"https:\/\/www.els-m.com\/de\/storitve\/robotika\/\" class=\"menu-link\">Rohbautechnik<\/a><\/li>\n<li id=\"menu-item-1536\" class=\"menu-item menu-item-type-post_type menu-item-object-page menu-item-1536\"><a href=\"https:\/\/www.els-m.com\/de\/storitve\/procesna-tehnika\/\" class=\"menu-link\">Prozesstechnik<\/a><\/li>\n<li id=\"menu-item-1543\" class=\"menu-item menu-item-type-post_type menu-item-object-page menu-item-1543\"><a href=\"https:\/\/www.els-m.com\/de\/storitve\/vodenje-gradbisc\/\" class=\"menu-link\">Baustellenleitung<\/a><\/li>\n<li id=\"menu-item-1556\" class=\"menu-item menu-item-type-post_type menu-item-object-page menu-item-1556\"><a href=\"https:\/\/www.els-m.com\/de\/storitve\/proizvodnja-stikalnih-omar\/\" class=\"menu-link\">Herstellung von Elektrischen Schaltschr\u00e4nken<\/a><\/li>\n<li id=\"menu-item-1562\" class=\"menu-item menu-item-type-post_type menu-item-object-page menu-item-1562\"><a href=\"https:\/\/www.els-m.com\/de\/storitve\/zagon-linij-in-programiranje\/\" class=\"menu-link\">Leitungsstart und Programmierung<\/a><\/li>\n<li id=\"menu-item-1604\" class=\"menu-item menu-item-type-post_type menu-item-object-page menu-item-1604\"><a href=\"https:\/\/www.els-m.com\/de\/storitve\/industrijske-instalacije\/\" class=\"menu-link\">Industrieanlagen<\/a><\/li>\n<li id=\"menu-item-1603\" class=\"menu-item menu-item-type-post_type menu-item-object-page menu-item-1603\"><a href=\"https:\/\/www.els-m.com\/de\/storitve\/najem-vozil\/\" class=\"menu-link\">Autovermietung<\/a><\/li>\n<\/ul><\/nav>\t\t<\/div>\n\t\t\t\t<\/div>\n\t\t\t\t\t<\/div>\n\t\t<\/div>\n\t\t\t\t\t<\/div>\n\t\t<\/section>\n\t\t\t\t<section class=\"elementor-section elementor-top-section elementor-element elementor-element-c71c8b8 elementor-section-boxed elementor-section-height-default elementor-section-height-default elementor-invisible\" data-id=\"c71c8b8\" data-element_type=\"section\" data-settings=\"{&quot;animation&quot;:&quot;fadeIn&quot;}\">\n\t\t\t\t\t\t<div class=\"elementor-container elementor-column-gap-default\">\n\t\t\t\t\t<div class=\"elementor-column elementor-col-100 elementor-top-column elementor-element elementor-element-13a7008\" data-id=\"13a7008\" data-element_type=\"column\" data-settings=\"{&quot;background_background&quot;:&quot;classic&quot;}\">\n\t\t\t<div class=\"elementor-widget-wrap elementor-element-populated\">\n\t\t\t\t\t\t<div class=\"elementor-element elementor-element-6673496 elementor-widget elementor-widget-heading\" data-id=\"6673496\" data-element_type=\"widget\" data-widget_type=\"heading.default\">\n\t\t\t\t<div class=\"elementor-widget-container\">\n\t\t\t<h3 class=\"elementor-heading-title elementor-size-default\">Unsere Projekte<\/h3>\t\t<\/div>\n\t\t\t\t<\/div>\n\t\t\t\t<div class=\"elementor-element elementor-element-bd0ff1b elementor-widget elementor-widget-text-editor\" data-id=\"bd0ff1b\" data-element_type=\"widget\" data-widget_type=\"text-editor.default\">\n\t\t\t\t<div class=\"elementor-widget-container\">\n\t\t\t\t\t\t\t<ul><li>IVP Voelke \u2013 Wolfsburg, Geb\u00e4udeinstallation 2017\/2018<\/li><li>ROBERT BOSCH \u2013 Karlsruhe, Geb\u00e4udeinstallation 2016\/2017<\/li><li>APL \u2013 Landau, BAU44_1_2_<span style=\"font-size: 16px; font-style: normal; font-weight: 400;\">Geb\u00e4udeinstallation\u00a0<\/span>\u00a02018 \/ 2019<\/li><li>KARL SIMON- Aichhhalden,\u00a0<span style=\"font-size: 16px; font-style: normal; font-weight: 400;\">Geb\u00e4udeinstallation\u00a0<\/span>2019<\/li><li>WINTERSHALL \u2013 Landau,\u00a0<span style=\"font-size: 16px; font-style: normal; font-weight: 400;\">Geb\u00e4udeinstallation\u00a0<\/span>2019<\/li><li>APL \u2013 Landau, BAU31_2_<span style=\"font-size: 16px; font-style: normal; font-weight: 400;\">Geb\u00e4udeinstallation\u00a0<\/span>\u00a02019<\/li><li>INDUSTRIEPARK \u2013 Hoechst,\u00a0<span style=\"font-size: 16px; font-style: normal; font-weight: 400;\">Geb\u00e4udeinstallation\u00a0<\/span>E325 2019<\/li><\/ul>\t\t\t\t\t\t<\/div>\n\t\t\t\t<\/div>\n\t\t\t\t\t<\/div>\n\t\t<\/div>\n\t\t\t\t\t<\/div>\n\t\t<\/section>\n\t\t\t\t<section class=\"elementor-section elementor-top-section elementor-element elementor-element-421ab85 elementor-section-boxed elementor-section-height-default elementor-section-height-default elementor-invisible\" data-id=\"421ab85\" data-element_type=\"section\" data-settings=\"{&quot;animation&quot;:&quot;fadeIn&quot;}\">\n\t\t\t\t\t\t<div class=\"elementor-container elementor-column-gap-default\">\n\t\t\t\t\t<div class=\"elementor-column elementor-col-100 elementor-top-column elementor-element elementor-element-6094fb8\" data-id=\"6094fb8\" data-element_type=\"column\">\n\t\t\t<div class=\"elementor-widget-wrap elementor-element-populated\">\n\t\t\t\t\t\t<div class=\"elementor-element elementor-element-a1c6878 elementor-widget elementor-widget-wp-widget-foogallery_widget\" data-id=\"a1c6878\" data-element_type=\"widget\" data-widget_type=\"wp-widget-foogallery_widget.default\">\n\t\t\t\t<div class=\"elementor-widget-container\">\n\t\t\t<style type=\"text\/css\">\n#foogallery-gallery-1669 .fg-image { width: 150px; }\n#foogallery-gallery-1669 { --fg-gutter: 10px; }<\/style>\n\t\t\t<div class=\"foogallery foogallery-container foogallery-default foogallery-lightbox-foobox fg-center fg-default fg-ready fg-light fg-round-small fg-shadow-small fg-loading-default fg-loaded-fade-in fg-hover-grayscale fg-caption-hover fg-hover-fade fg-hover-zoom\" id=\"foogallery-gallery-1669\" data-foogallery=\"{&quot;item&quot;:{&quot;showCaptionTitle&quot;:true,&quot;showCaptionDescription&quot;:true},&quot;lazy&quot;:true,&quot;paging&quot;:{&quot;type&quot;:&quot;dots&quot;,&quot;size&quot;:6,&quot;position&quot;:&quot;bottom&quot;,&quot;scrollToTop&quot;:true,&quot;output&quot;:&quot;html&quot;,&quot;theme&quot;:&quot;fg-light&quot;}}\" style=\"--fg-title-line-clamp: 0; --fg-description-line-clamp: 0;\" >\n\t<div class=\"fg-item fg-type-image fg-idle\"><figure class=\"fg-item-inner\"><a href=\"https:\/\/www.els-m.com\/wp-content\/uploads\/2020\/04\/file1-30.jpeg\" data-attachment-id=\"1670\" data-type=\"image\" class=\"fg-thumb\"><span class=\"fg-image-wrap\"><img decoding=\"async\" width=\"150\" height=\"150\" class=\"skip-lazy fg-image\" data-src-fg=\"https:\/\/www.els-m.com\/wp-content\/uploads\/cache\/2020\/04\/file1-30\/2904288216.jpeg\" src=\"data:image\/svg+xml,%3Csvg%20xmlns%3D%22http%3A%2F%2Fwww.w3.org%2F2000%2Fsvg%22%20width%3D%22150%22%20height%3D%22150%22%20viewBox%3D%220%200%20150%20150%22%3E%3C%2Fsvg%3E\" loading=\"eager\"><\/span><span class=\"fg-image-overlay\"><\/span><\/a><\/figure><div class=\"fg-loader\"><\/div><\/div><div class=\"fg-item fg-type-image fg-idle\"><figure class=\"fg-item-inner\"><a href=\"https:\/\/www.els-m.com\/wp-content\/uploads\/2020\/04\/file2-28.jpeg\" data-attachment-id=\"1671\" data-type=\"image\" class=\"fg-thumb\"><span class=\"fg-image-wrap\"><img decoding=\"async\" width=\"150\" height=\"150\" class=\"skip-lazy fg-image\" data-src-fg=\"https:\/\/www.els-m.com\/wp-content\/uploads\/cache\/2020\/04\/file2-28\/2602551031.jpeg\" src=\"data:image\/svg+xml,%3Csvg%20xmlns%3D%22http%3A%2F%2Fwww.w3.org%2F2000%2Fsvg%22%20width%3D%22150%22%20height%3D%22150%22%20viewBox%3D%220%200%20150%20150%22%3E%3C%2Fsvg%3E\" loading=\"eager\"><\/span><span class=\"fg-image-overlay\"><\/span><\/a><\/figure><div class=\"fg-loader\"><\/div><\/div><div class=\"fg-item fg-type-image fg-idle\"><figure class=\"fg-item-inner\"><a href=\"https:\/\/www.els-m.com\/wp-content\/uploads\/2020\/04\/file3-24.jpeg\" data-attachment-id=\"1672\" data-type=\"image\" class=\"fg-thumb\"><span class=\"fg-image-wrap\"><img decoding=\"async\" width=\"150\" height=\"150\" class=\"skip-lazy fg-image\" data-src-fg=\"https:\/\/www.els-m.com\/wp-content\/uploads\/cache\/2020\/04\/file3-24\/3624804999.jpeg\" src=\"data:image\/svg+xml,%3Csvg%20xmlns%3D%22http%3A%2F%2Fwww.w3.org%2F2000%2Fsvg%22%20width%3D%22150%22%20height%3D%22150%22%20viewBox%3D%220%200%20150%20150%22%3E%3C%2Fsvg%3E\" loading=\"eager\"><\/span><span class=\"fg-image-overlay\"><\/span><\/a><\/figure><div class=\"fg-loader\"><\/div><\/div><div class=\"fg-item fg-type-image fg-idle\"><figure class=\"fg-item-inner\"><a href=\"https:\/\/www.els-m.com\/wp-content\/uploads\/2020\/04\/file4-23.jpeg\" data-attachment-id=\"1673\" data-type=\"image\" class=\"fg-thumb\"><span class=\"fg-image-wrap\"><img decoding=\"async\" width=\"150\" height=\"150\" class=\"skip-lazy fg-image\" data-src-fg=\"https:\/\/www.els-m.com\/wp-content\/uploads\/cache\/2020\/04\/file4-23\/3715600440.jpeg\" src=\"data:image\/svg+xml,%3Csvg%20xmlns%3D%22http%3A%2F%2Fwww.w3.org%2F2000%2Fsvg%22%20width%3D%22150%22%20height%3D%22150%22%20viewBox%3D%220%200%20150%20150%22%3E%3C%2Fsvg%3E\" loading=\"eager\"><\/span><span class=\"fg-image-overlay\"><\/span><\/a><\/figure><div class=\"fg-loader\"><\/div><\/div><div class=\"fg-item fg-type-image fg-idle\"><figure class=\"fg-item-inner\"><a href=\"https:\/\/www.els-m.com\/wp-content\/uploads\/2020\/04\/file5-18.jpeg\" data-attachment-id=\"1674\" data-type=\"image\" class=\"fg-thumb\"><span class=\"fg-image-wrap\"><img decoding=\"async\" width=\"150\" height=\"150\" class=\"skip-lazy fg-image\" data-src-fg=\"https:\/\/www.els-m.com\/wp-content\/uploads\/cache\/2020\/04\/file5-18\/1194359142.jpeg\" src=\"data:image\/svg+xml,%3Csvg%20xmlns%3D%22http%3A%2F%2Fwww.w3.org%2F2000%2Fsvg%22%20width%3D%22150%22%20height%3D%22150%22%20viewBox%3D%220%200%20150%20150%22%3E%3C%2Fsvg%3E\" loading=\"eager\"><\/span><span class=\"fg-image-overlay\"><\/span><\/a><\/figure><div class=\"fg-loader\"><\/div><\/div><div class=\"fg-item fg-type-image fg-idle\"><figure class=\"fg-item-inner\"><a href=\"https:\/\/www.els-m.com\/wp-content\/uploads\/2020\/04\/file6-13.jpeg\" data-attachment-id=\"1675\" data-type=\"image\" class=\"fg-thumb\"><span class=\"fg-image-wrap\"><img decoding=\"async\" width=\"150\" height=\"150\" class=\"skip-lazy fg-image\" data-src-fg=\"https:\/\/www.els-m.com\/wp-content\/uploads\/cache\/2020\/04\/file6-13\/2809856946.jpeg\" src=\"data:image\/svg+xml,%3Csvg%20xmlns%3D%22http%3A%2F%2Fwww.w3.org%2F2000%2Fsvg%22%20width%3D%22150%22%20height%3D%22150%22%20viewBox%3D%220%200%20150%20150%22%3E%3C%2Fsvg%3E\" loading=\"eager\"><\/span><span class=\"fg-image-overlay\"><\/span><\/a><\/figure><div class=\"fg-loader\"><\/div><\/div><div class=\"fg-item fg-type-image fg-idle fg-hidden\"><figure class=\"fg-item-inner\"><a href=\"https:\/\/www.els-m.com\/wp-content\/uploads\/2020\/04\/file7-11.jpeg\" data-attachment-id=\"1676\" data-type=\"image\" class=\"fg-thumb\"><span class=\"fg-image-wrap\"><img decoding=\"async\" width=\"150\" height=\"150\" class=\"skip-lazy fg-image\" data-src-fg=\"https:\/\/www.els-m.com\/wp-content\/uploads\/cache\/2020\/04\/file7-11\/749222992.jpeg\" src=\"data:image\/svg+xml,%3Csvg%20xmlns%3D%22http%3A%2F%2Fwww.w3.org%2F2000%2Fsvg%22%20width%3D%22150%22%20height%3D%22150%22%20viewBox%3D%220%200%20150%20150%22%3E%3C%2Fsvg%3E\" loading=\"eager\"><\/span><span class=\"fg-image-overlay\"><\/span><\/a><\/figure><div class=\"fg-loader\"><\/div><\/div><div class=\"fg-item fg-type-image fg-idle fg-hidden\"><figure class=\"fg-item-inner\"><a href=\"https:\/\/www.els-m.com\/wp-content\/uploads\/2020\/04\/file9-5.jpeg\" data-attachment-id=\"1677\" data-type=\"image\" class=\"fg-thumb\"><span class=\"fg-image-wrap\"><img decoding=\"async\" width=\"150\" height=\"150\" class=\"skip-lazy fg-image\" data-src-fg=\"https:\/\/www.els-m.com\/wp-content\/uploads\/cache\/2020\/04\/file9-5\/4028332120.jpeg\" src=\"data:image\/svg+xml,%3Csvg%20xmlns%3D%22http%3A%2F%2Fwww.w3.org%2F2000%2Fsvg%22%20width%3D%22150%22%20height%3D%22150%22%20viewBox%3D%220%200%20150%20150%22%3E%3C%2Fsvg%3E\" loading=\"eager\"><\/span><span class=\"fg-image-overlay\"><\/span><\/a><\/figure><div class=\"fg-loader\"><\/div><\/div><div class=\"fg-item fg-type-image fg-idle fg-hidden\"><figure class=\"fg-item-inner\"><a href=\"https:\/\/www.els-m.com\/wp-content\/uploads\/2020\/04\/file10-2.jpeg\" data-attachment-id=\"1678\" data-type=\"image\" class=\"fg-thumb\"><span class=\"fg-image-wrap\"><img decoding=\"async\" width=\"150\" height=\"150\" class=\"skip-lazy fg-image\" data-src-fg=\"https:\/\/www.els-m.com\/wp-content\/uploads\/cache\/2020\/04\/file10-2\/1944669185.jpeg\" src=\"data:image\/svg+xml,%3Csvg%20xmlns%3D%22http%3A%2F%2Fwww.w3.org%2F2000%2Fsvg%22%20width%3D%22150%22%20height%3D%22150%22%20viewBox%3D%220%200%20150%20150%22%3E%3C%2Fsvg%3E\" loading=\"eager\"><\/span><span class=\"fg-image-overlay\"><\/span><\/a><\/figure><div class=\"fg-loader\"><\/div><\/div><\/div>\n<nav id=\"foogallery-gallery-1669_paging-bottom\" class=\"fg-paging-container fg-ph-dots\"><\/nav>\t\t<\/div>\n\t\t\t\t<\/div>\n\t\t\t\t\t<\/div>\n\t\t<\/div>\n\t\t\t\t\t<\/div>\n\t\t<\/section>\n\t\t\t\t<section class=\"elementor-section elementor-top-section elementor-element elementor-element-acd5e9b elementor-section-boxed elementor-section-height-default elementor-section-height-default\" data-id=\"acd5e9b\" data-element_type=\"section\">\n\t\t\t\t\t\t<div class=\"elementor-container elementor-column-gap-default\">\n\t\t\t\t\t<div class=\"elementor-column elementor-col-100 elementor-top-column elementor-element elementor-element-755e96f2\" data-id=\"755e96f2\" data-element_type=\"column\">\n\t\t\t<div class=\"elementor-widget-wrap elementor-element-populated\">\n\t\t\t\t\t\t<div class=\"elementor-element elementor-element-43c3b3d5 elementor-widget elementor-widget-heading\" data-id=\"43c3b3d5\" data-element_type=\"widget\" data-widget_type=\"heading.default\">\n\t\t\t\t<div class=\"elementor-widget-container\">\n\t\t\t<h3 class=\"elementor-heading-title elementor-size-default\">Unternehmen, die uns vertrauen<\/h3>\t\t<\/div>\n\t\t\t\t<\/div>\n\t\t\t\t<div class=\"elementor-element elementor-element-2fa4b61c elementor-pagination-position-outside elementor-widget elementor-widget-image-carousel\" data-id=\"2fa4b61c\" data-element_type=\"widget\" data-settings=\"{&quot;navigation&quot;:&quot;dots&quot;,&quot;autoplay&quot;:&quot;yes&quot;,&quot;pause_on_hover&quot;:&quot;yes&quot;,&quot;pause_on_interaction&quot;:&quot;yes&quot;,&quot;autoplay_speed&quot;:5000,&quot;infinite&quot;:&quot;yes&quot;,&quot;speed&quot;:500}\" data-widget_type=\"image-carousel.default\">\n\t\t\t\t<div class=\"elementor-widget-container\">\n\t\t\t\t\t<div class=\"elementor-image-carousel-wrapper swiper\" dir=\"ltr\">\n\t\t\t<div class=\"elementor-image-carousel swiper-wrapper\" aria-live=\"off\">\n\t\t\t\t\t\t\t\t<div class=\"swiper-slide\" role=\"group\" aria-roledescription=\"slide\" aria-label=\"1 von 14\"><figure class=\"swiper-slide-inner\"><img decoding=\"async\" class=\"swiper-slide-image\" src=\"https:\/\/www.els-m.com\/wp-content\/uploads\/2020\/05\/mercedes-benz.png\" alt=\"mercedes-benz\" \/><\/figure><\/div><div class=\"swiper-slide\" role=\"group\" aria-roledescription=\"slide\" aria-label=\"2 von 14\"><figure class=\"swiper-slide-inner\"><img decoding=\"async\" class=\"swiper-slide-image\" src=\"https:\/\/www.els-m.com\/wp-content\/uploads\/2020\/03\/logo__0010_Audi.png\" alt=\"logo__0010_Audi\" \/><\/figure><\/div><div class=\"swiper-slide\" role=\"group\" aria-roledescription=\"slide\" aria-label=\"3 von 14\"><figure class=\"swiper-slide-inner\"><img decoding=\"async\" class=\"swiper-slide-image\" src=\"https:\/\/www.els-m.com\/wp-content\/uploads\/2020\/03\/logo__0008_VW.png\" alt=\"logo__0008_VW\" \/><\/figure><\/div><div class=\"swiper-slide\" role=\"group\" aria-roledescription=\"slide\" aria-label=\"4 von 14\"><figure class=\"swiper-slide-inner\"><img decoding=\"async\" class=\"swiper-slide-image\" src=\"https:\/\/www.els-m.com\/wp-content\/uploads\/2020\/05\/vwsachsen.png\" alt=\"vwsachsen\" \/><\/figure><\/div><div class=\"swiper-slide\" role=\"group\" aria-roledescription=\"slide\" aria-label=\"5 von 14\"><figure class=\"swiper-slide-inner\"><img decoding=\"async\" class=\"swiper-slide-image\" src=\"https:\/\/www.els-m.com\/wp-content\/uploads\/2020\/03\/logo__0006_BMW.png\" alt=\"logo__0006_BMW\" \/><\/figure><\/div><div class=\"swiper-slide\" role=\"group\" aria-roledescription=\"slide\" aria-label=\"6 von 14\"><figure class=\"swiper-slide-inner\"><img decoding=\"async\" class=\"swiper-slide-image\" src=\"https:\/\/www.els-m.com\/wp-content\/uploads\/2020\/05\/thyssenkrupp.png\" alt=\"thyssenkrupp\" \/><\/figure><\/div><div class=\"swiper-slide\" role=\"group\" aria-roledescription=\"slide\" aria-label=\"7 von 14\"><figure class=\"swiper-slide-inner\"><img decoding=\"async\" class=\"swiper-slide-image\" src=\"https:\/\/www.els-m.com\/wp-content\/uploads\/2020\/05\/iph.png\" alt=\"iph\" \/><\/figure><\/div><div class=\"swiper-slide\" role=\"group\" aria-roledescription=\"slide\" aria-label=\"8 von 14\"><figure class=\"swiper-slide-inner\"><img decoding=\"async\" class=\"swiper-slide-image\" src=\"https:\/\/www.els-m.com\/wp-content\/uploads\/2020\/05\/smart-logo.png\" alt=\"smart-logo\" \/><\/figure><\/div><div class=\"swiper-slide\" role=\"group\" aria-roledescription=\"slide\" aria-label=\"9 von 14\"><figure class=\"swiper-slide-inner\"><img decoding=\"async\" class=\"swiper-slide-image\" src=\"https:\/\/www.els-m.com\/wp-content\/uploads\/2020\/05\/apl.png\" alt=\"apl\" \/><\/figure><\/div><div class=\"swiper-slide\" role=\"group\" aria-roledescription=\"slide\" aria-label=\"10 von 14\"><figure class=\"swiper-slide-inner\"><img decoding=\"async\" class=\"swiper-slide-image\" src=\"https:\/\/www.els-m.com\/wp-content\/uploads\/2020\/05\/starkom.png\" alt=\"starkom\" \/><\/figure><\/div><div class=\"swiper-slide\" role=\"group\" aria-roledescription=\"slide\" aria-label=\"11 von 14\"><figure class=\"swiper-slide-inner\"><img decoding=\"async\" class=\"swiper-slide-image\" src=\"https:\/\/www.els-m.com\/wp-content\/uploads\/2020\/05\/EvoBus-Logo.wine_.png\" alt=\"EvoBus-Logo.wine\" \/><\/figure><\/div><div class=\"swiper-slide\" role=\"group\" aria-roledescription=\"slide\" aria-label=\"12 von 14\"><figure class=\"swiper-slide-inner\"><img decoding=\"async\" class=\"swiper-slide-image\" src=\"https:\/\/www.els-m.com\/wp-content\/uploads\/2020\/05\/aumann-ag-logo.png\" alt=\"aumann-ag-logo\" \/><\/figure><\/div><div class=\"swiper-slide\" role=\"group\" aria-roledescription=\"slide\" aria-label=\"13 von 14\"><figure class=\"swiper-slide-inner\"><img decoding=\"async\" class=\"swiper-slide-image\" src=\"https:\/\/www.els-m.com\/wp-content\/uploads\/2020\/05\/Bosch.png\" alt=\"Bosch\" \/><\/figure><\/div><div class=\"swiper-slide\" role=\"group\" aria-roledescription=\"slide\" aria-label=\"14 von 14\"><figure class=\"swiper-slide-inner\"><img decoding=\"async\" class=\"swiper-slide-image\" src=\"https:\/\/www.els-m.com\/wp-content\/uploads\/2020\/05\/wintershall_dea.png\" alt=\"wintershall_dea\" \/><\/figure><\/div>\t\t\t<\/div>\n\t\t\t\t\t\t\t\n\t\t\t\t\t\t\t\t\t<div class=\"swiper-pagination\"><\/div>\n\t\t\t\t\t\t\t\t\t<\/div>\n\t\t\t\t<\/div>\n\t\t\t\t<\/div>\n\t\t\t\t\t<\/div>\n\t\t<\/div>\n\t\t\t\t\t<\/div>\n\t\t<\/section>\n\t\t\t\t<\/div>","protected":false},"excerpt":{"rendered":"<p>Industrijske in\u0161talacije Od leta 2016 smo raz\u0161irili dejavnost na\u0161ih storitev \u0161e s panogo industrijske in\u0161talacije (in\u0161talacija industrijskih objektov), kjer z na\u0161im usposobljenim kadrom izvajamo razli\u010dna elektroin\u0161talaterska specializirana dela, kot so: in\u0161talacije transformatorjev, notranje in zunanje razsvetljave objektov, izvedba periferne industrijske in\u0161talacije (mo\u010dnostni razvodi) za pogone izvedba periferne industrijske instalacije osnovne infrastrukture industrijskih objektov, IT omre\u017eja &hellip;<\/p>\n<p class=\"read-more\"> <a class=\"\" href=\"https:\/\/www.els-m.com\/de\/storitve\/industrijske-instalacije\/\"> <span class=\"screen-reader-text\">Industrieanlagen<\/span> Weiterlesen &raquo;<\/a><\/p>","protected":false},"author":1,"featured_media":0,"parent":74,"menu_order":0,"comment_status":"closed","ping_status":"closed","template":"","meta":{"_monsterinsights_skip_tracking":false,"_monsterinsights_sitenote_active":false,"_monsterinsights_sitenote_note":"","_monsterinsights_sitenote_category":0,"site-sidebar-layout":"no-sidebar","site-content-layout":"page-builder","ast-global-header-display":"","ast-main-header-display":"","ast-hfb-above-header-display":"","ast-hfb-below-header-display":"","ast-hfb-mobile-header-display":"","site-post-title":"disabled","ast-breadcrumbs-content":"","ast-featured-img":"disabled","footer-sml-layout":"","theme-transparent-header-meta":"default","adv-header-id-meta":"","stick-header-meta":"","header-above-stick-meta":"","header-main-stick-meta":"","header-below-stick-meta":""},"_links":{"self":[{"href":"https:\/\/www.els-m.com\/de\/wp-json\/wp\/v2\/pages\/1592"}],"collection":[{"href":"https:\/\/www.els-m.com\/de\/wp-json\/wp\/v2\/pages"}],"about":[{"href":"https:\/\/www.els-m.com\/de\/wp-json\/wp\/v2\/types\/page"}],"author":[{"embeddable":true,"href":"https:\/\/www.els-m.com\/de\/wp-json\/wp\/v2\/users\/1"}],"replies":[{"embeddable":true,"href":"https:\/\/www.els-m.com\/de\/wp-json\/wp\/v2\/comments?post=1592"}],"version-history":[{"count":14,"href":"https:\/\/www.els-m.com\/de\/wp-json\/wp\/v2\/pages\/1592\/revisions"}],"predecessor-version":[{"id":1725,"href":"https:\/\/www.els-m.com\/de\/wp-json\/wp\/v2\/pages\/1592\/revisions\/1725"}],"up":[{"embeddable":true,"href":"https:\/\/www.els-m.com\/de\/wp-json\/wp\/v2\/pages\/74"}],"wp:attachment":[{"href":"https:\/\/www.els-m.com\/de\/wp-json\/wp\/v2\/media?parent=1592"}],"curies":[{"name":"wp","href":"https:\/\/api.w.org\/{rel}","templated":true}]}}