{"id":1566,"date":"2020-04-12T09:02:59","date_gmt":"2020-04-12T09:02:59","guid":{"rendered":"https:\/\/www.els-m.com\/work\/?page_id=1566"},"modified":"2020-09-14T13:00:57","modified_gmt":"2020-09-14T13:00:57","slug":"o-piskotkih","status":"publish","type":"page","link":"https:\/\/www.els-m.com\/de\/o-piskotkih\/","title":{"rendered":"\u00dcber Cookies"},"content":{"rendered":"<div data-elementor-type=\"wp-page\" data-elementor-id=\"1566\" class=\"elementor elementor-1566\">\n\t\t\t\t\t\t<section class=\"elementor-section elementor-top-section elementor-element elementor-element-38b042d elementor-section-boxed elementor-section-height-default elementor-section-height-default\" data-id=\"38b042d\" data-element_type=\"section\">\n\t\t\t\t\t\t<div class=\"elementor-container elementor-column-gap-default\">\n\t\t\t\t\t<div class=\"elementor-column elementor-col-100 elementor-top-column elementor-element elementor-element-6115409\" data-id=\"6115409\" data-element_type=\"column\">\n\t\t\t<div class=\"elementor-widget-wrap elementor-element-populated\">\n\t\t\t\t\t\t<div class=\"elementor-element elementor-element-1e26948 elementor-widget elementor-widget-spacer\" data-id=\"1e26948\" data-element_type=\"widget\" data-widget_type=\"spacer.default\">\n\t\t\t\t<div class=\"elementor-widget-container\">\n\t\t\t\t\t<div class=\"elementor-spacer\">\n\t\t\t<div class=\"elementor-spacer-inner\"><\/div>\n\t\t<\/div>\n\t\t\t\t<\/div>\n\t\t\t\t<\/div>\n\t\t\t\t<div class=\"elementor-element elementor-element-4dc0246 elementor-widget elementor-widget-heading\" data-id=\"4dc0246\" data-element_type=\"widget\" data-widget_type=\"heading.default\">\n\t\t\t\t<div class=\"elementor-widget-container\">\n\t\t\t<h2 class=\"elementor-heading-title elementor-size-default\">\u00dcber Cookies<\/h2>\t\t<\/div>\n\t\t\t\t<\/div>\n\t\t\t\t<div class=\"elementor-element elementor-element-3fad6ad elementor-widget elementor-widget-spacer\" data-id=\"3fad6ad\" data-element_type=\"widget\" data-widget_type=\"spacer.default\">\n\t\t\t\t<div class=\"elementor-widget-container\">\n\t\t\t\t\t<div class=\"elementor-spacer\">\n\t\t\t<div class=\"elementor-spacer-inner\"><\/div>\n\t\t<\/div>\n\t\t\t\t<\/div>\n\t\t\t\t<\/div>\n\t\t\t\t\t<\/div>\n\t\t<\/div>\n\t\t\t\t\t<\/div>\n\t\t<\/section>\n\t\t\t\t<section class=\"elementor-section elementor-top-section elementor-element elementor-element-7516176e elementor-section-boxed elementor-section-height-default elementor-section-height-default\" data-id=\"7516176e\" data-element_type=\"section\">\n\t\t\t\t\t\t<div class=\"elementor-container elementor-column-gap-default\">\n\t\t\t\t\t<div class=\"elementor-column elementor-col-100 elementor-top-column elementor-element elementor-element-20f2f027\" data-id=\"20f2f027\" data-element_type=\"column\">\n\t\t\t<div class=\"elementor-widget-wrap elementor-element-populated\">\n\t\t\t\t\t\t<div class=\"elementor-element elementor-element-33999670 elementor-widget elementor-widget-text-editor\" data-id=\"33999670\" data-element_type=\"widget\" data-widget_type=\"text-editor.default\">\n\t\t\t\t<div class=\"elementor-widget-container\">\n\t\t\t\t\t\t\t<div class=\"cli_pg_page_contaner\"><h3>Was sind Cookies?<\/h3><div><p>Cookies sind kleine Textdateien, die auf den meisten Websites auf Ger\u00e4ten gespeichert werden, auf die Benutzer im Internet zugreifen, um die einzelnen Ger\u00e4te zu identifizieren, mit denen Benutzer auf sie zugegriffen haben. Ihr Speicher unterliegt der vollst\u00e4ndigen Kontrolle des vom Benutzer verwendeten Browsers - dies kann durch den Cookie-Speicher eingeschr\u00e4nkt oder deaktiviert werden.<\/p><p>Cookies sind der Schl\u00fcssel zur Bereitstellung benutzerfreundlicher Webdienste. Die Interaktion zwischen dem Webbenutzer und der Website ist mithilfe von Cookies schneller und einfacher. Mithilfe dieser Informationen merkt sich die Website die individuellen Entscheidungen und Erfahrungen, spart Zeit und macht das Surfen auf Websites effizienter und benutzerfreundlicher.<\/p><p>Weitere Informationen zu Cookies finden Sie im Handbuch auf der Website des Information Commissioner.<\/p><\/div><h3>Cookies auf els-m.com<\/h3><div><p>Wir verwenden die folgenden Cookies auf www.els-m.com:<\/p><ul><li>Cookies f\u00fcr eine bessere Leistung der Website<br \/>Diese Cookies enthalten Cookies, mit denen der Benutzer Websites personalisieren, sich f\u00fcr eine Anstellung anmelden und ein Formular kontaktieren kann.<\/li><li>Cookies f\u00fcr anonymisierte Besuchsstatistiken\u00a0<br \/>Mit diesen Cookies k\u00f6nnen wir Besucherstatistiken verfolgen und unsere Websites entsprechend den Bed\u00fcrfnissen der Besucher optimieren.<\/li><\/ul><p>Website verwendet nicht t. ich. \"Invasive\" Cookies, dh. Cookies, die verwendet werden, um detaillierte Benutzerinformationen, Werbung, Marketing oder andere Zwecke zu sammeln (und bereitzustellen), die die Privatsph\u00e4re der Benutzer beeintr\u00e4chtigen w\u00fcrden.<\/p><\/div><h3>Cookies deaktivieren<\/h3><div><p>Benutzer k\u00f6nnen w\u00e4hlen, ob Cookies aktiviert werden sollen oder nicht. Sie k\u00f6nnen Ihre Cookie-Einstellungen in Ihrem Webbrowser steuern und \u00e4ndern. Informationen zu den Cookie-Einstellungen (f\u00fcr verschiedene Webbrowser) finden Sie unter den folgenden Links:<\/p><ul><li><a href=\"https:\/\/support.google.com\/chrome\/answer\/95647?hl=sl-sl&amp;p=cpn_cookies\" target=\"_blank\" rel=\"noopener noreferrer\">Chrome<\/a><\/li><li><a href=\"http:\/\/support.mozilla.org\/sl\/kb\/Kako%20aktivirate%20in%20deaktivirate%20pi%C5%A1kote\" target=\"_blank\" rel=\"noopener noreferrer\">Firefox<\/a><\/li><li><a href=\"http:\/\/windows.microsoft.com\/sl-si\/windows-vista\/block-or-allow-cookies\" target=\"_blank\" rel=\"noopener noreferrer\">Internet Explorer\u00a0 <\/a>(Englische Seite)<\/li><li><a href=\"http:\/\/www.opera.com\/help\/tutorials\/security\/cookies\/\" target=\"_blank\" rel=\"noopener noreferrer\">Opera<\/a>\u00a0(Englische Seite)<\/li><li><a href=\"http:\/\/support.apple.com\/kb\/PH11913\" target=\"_blank\" rel=\"noopener noreferrer\">Safari<\/a>\u00a0(Englische Seite)<\/li><\/ul><p>Durch Deaktivieren von Cookies werden einige Funktionen der Website deaktiviert.<\/p><h3><code><a role='button' tabindex='0' class=\"medium cli-plugin-button cli-plugin-main-button cli_settings_button\">Za nastavitve pi\u0161kotkov na els-m.com kliknite tukaj<\/a><\/code><\/h3><\/div><\/div>\t\t\t\t\t\t<\/div>\n\t\t\t\t<\/div>\n\t\t\t\t\t<\/div>\n\t\t<\/div>\n\t\t\t\t\t<\/div>\n\t\t<\/section>\n\t\t\t\t<\/div>","protected":false},"excerpt":{"rendered":"<p>O pi\u0161kotkih Kaj so pi\u0161kotki? Pi\u0161kotki so majhne besedilne datoteke, ki jih ve\u010dina spletnih mest shrani v naprave, s katerimi uporabniki dostopajo do medmre\u017eja, da bi lahko prepoznavala posamezne naprave, ki so jih uporabniki uporabili pri dostopu. Njihovo shranjevanje je pod popolnim nadzorom brskalnika, ki ga uporablja uporabnik &#8211; ta lahko shranjevanje pi\u0161kotkov po \u017eelji &hellip;<\/p>\n<p class=\"read-more\"> <a class=\"\" href=\"https:\/\/www.els-m.com\/de\/o-piskotkih\/\"> <span class=\"screen-reader-text\">\u00dcber Cookies<\/span> Weiterlesen &raquo;<\/a><\/p>","protected":false},"author":1,"featured_media":0,"parent":0,"menu_order":0,"comment_status":"closed","ping_status":"closed","template":"","meta":{"_monsterinsights_skip_tracking":false,"_monsterinsights_sitenote_active":false,"_monsterinsights_sitenote_note":"","_monsterinsights_sitenote_category":0,"site-sidebar-layout":"no-sidebar","site-content-layout":"page-builder","ast-global-header-display":"","ast-main-header-display":"","ast-hfb-above-header-display":"","ast-hfb-below-header-display":"","ast-hfb-mobile-header-display":"","site-post-title":"disabled","ast-breadcrumbs-content":"","ast-featured-img":"disabled","footer-sml-layout":"","theme-transparent-header-meta":"default","adv-header-id-meta":"","stick-header-meta":"","header-above-stick-meta":"","header-main-stick-meta":"","header-below-stick-meta":""},"_links":{"self":[{"href":"https:\/\/www.els-m.com\/de\/wp-json\/wp\/v2\/pages\/1566"}],"collection":[{"href":"https:\/\/www.els-m.com\/de\/wp-json\/wp\/v2\/pages"}],"about":[{"href":"https:\/\/www.els-m.com\/de\/wp-json\/wp\/v2\/types\/page"}],"author":[{"embeddable":true,"href":"https:\/\/www.els-m.com\/de\/wp-json\/wp\/v2\/users\/1"}],"replies":[{"embeddable":true,"href":"https:\/\/www.els-m.com\/de\/wp-json\/wp\/v2\/comments?post=1566"}],"version-history":[{"count":10,"href":"https:\/\/www.els-m.com\/de\/wp-json\/wp\/v2\/pages\/1566\/revisions"}],"predecessor-version":[{"id":1773,"href":"https:\/\/www.els-m.com\/de\/wp-json\/wp\/v2\/pages\/1566\/revisions\/1773"}],"wp:attachment":[{"href":"https:\/\/www.els-m.com\/de\/wp-json\/wp\/v2\/media?parent=1566"}],"curies":[{"name":"wp","href":"https:\/\/api.w.org\/{rel}","templated":true}]}}